{"id":2,"date":"2014-11-29T09:22:16","date_gmt":"2014-11-29T08:22:16","guid":{"rendered":"http:\/\/www.dobrca.si\/?page_id=2"},"modified":"2021-10-30T09:37:42","modified_gmt":"2021-10-30T08:37:42","slug":"sample-page","status":"publish","type":"page","link":"https:\/\/www.bsmitek.si\/","title":{"rendered":"Domov"},"content":{"rendered":"\n<figure class=\"wp-block-image\"><img loading=\"lazy\" decoding=\"async\" width=\"1755\" height=\"1183\" src=\"http:\/\/www.bsmitek.si\/wp-content\/uploads\/2018\/11\/BrezjeLepljenka.png\" alt=\"\" class=\"wp-image-108\" srcset=\"https:\/\/www.bsmitek.si\/wp-content\/uploads\/2018\/11\/BrezjeLepljenka.png 1755w, https:\/\/www.bsmitek.si\/wp-content\/uploads\/2018\/11\/BrezjeLepljenka-300x202.png 300w, https:\/\/www.bsmitek.si\/wp-content\/uploads\/2018\/11\/BrezjeLepljenka-768x518.png 768w, https:\/\/www.bsmitek.si\/wp-content\/uploads\/2018\/11\/BrezjeLepljenka-1024x690.png 1024w\" sizes=\"auto, (max-width: 1755px) 100vw, 1755px\" \/><\/figure>\n\n\n\n<p class=\"has-white-background-color has-background\">Dobrodo\u0161li na osebni strani Branislava \u0160mitka. Na strani bom obravnaval razli\u010dne teme, predvsem pa zgodovino Mo\u0161enj in Brezij. Na strani s <a href=\"http:\/\/www.bsmitek.si\/?page_id=58\">prispevki<\/a> si lahko preberete razmi\u0161ljanja.<\/p>\n\n\n\n<figure class=\"wp-block-image\"><img loading=\"lazy\" decoding=\"async\" width=\"1024\" height=\"640\" src=\"http:\/\/www.bsmitek.si\/wp-content\/uploads\/2018\/11\/BrezjeCasopisi-1024x640.png\" alt=\"\" class=\"wp-image-111\" srcset=\"https:\/\/www.bsmitek.si\/wp-content\/uploads\/2018\/11\/BrezjeCasopisi.png 1024w, https:\/\/www.bsmitek.si\/wp-content\/uploads\/2018\/11\/BrezjeCasopisi-300x188.png 300w, https:\/\/www.bsmitek.si\/wp-content\/uploads\/2018\/11\/BrezjeCasopisi-768x480.png 768w\" sizes=\"auto, (max-width: 1024px) 100vw, 1024px\" \/><\/figure>\n\n\n\n<p class=\"has-white-background-color has-background\"> \u017de nekaj let nastaja&nbsp;<a href=\"http:\/\/bsmitek.si\/egradiva\/play.php?template_id=28\" target=\"_blank\" rel=\"noreferrer noopener\" aria-label=\" (opens in a new tab)\">spletna stran &#8211; e-publikacija<\/a>&nbsp;&#8211; v kateri se zdru\u017eujejo prispevki, ki so bili objavljeni v slovenskih \u010dasopisih, ki so v digitalni obliki dosegljivi v&nbsp;<a rel=\"noreferrer noopener\" href=\"http:\/\/www.dlib.si\/\" target=\"_blank\">slovenski digitalni knji\u017enici<\/a>. S pri\u010dujo\u010do e-publikacijo \u017eelim bralcem pribli\u017eati utrip vasi v mo\u0161enjski fari skozi o\u010di novinarjev v razli\u010dnih \u010dasovnih obdobjih. <\/p>\n","protected":false},"excerpt":{"rendered":"<p>Dobrodo\u0161li na osebni strani Branislava \u0160mitka. Na strani bom obravnaval razli\u010dne teme, predvsem pa zgodovino Mo\u0161enj in Brezij. Na strani s prispevki si lahko preberete razmi\u0161ljanja. \u017de nekaj let nastaja&nbsp;spletna stran &#8211; e-publikacija&nbsp;&#8211; v kateri se zdru\u017eujejo prispevki, ki so bili objavljeni v slovenskih \u010dasopisih, ki so v digitalni obliki dosegljivi v&nbsp;slovenski digitalni knji\u017enici. S [&hellip;]<\/p>\n","protected":false},"author":2,"featured_media":0,"parent":0,"menu_order":1,"comment_status":"closed","ping_status":"closed","template":"","meta":{"zakra_page_container_layout":"customizer","zakra_page_sidebar_layout":"customizer","zakra_remove_content_margin":false,"zakra_sidebar":"customizer","zakra_transparent_header":"customizer","zakra_logo":0,"zakra_main_header_style":"default","zakra_menu_item_color":"","zakra_menu_item_hover_color":"","zakra_menu_item_active_color":"","zakra_menu_active_style":"","zakra_page_header":true,"footnotes":""},"class_list":["post-2","page","type-page","status-publish","hentry"],"_links":{"self":[{"href":"https:\/\/www.bsmitek.si\/index.php?rest_route=\/wp\/v2\/pages\/2","targetHints":{"allow":["GET"]}}],"collection":[{"href":"https:\/\/www.bsmitek.si\/index.php?rest_route=\/wp\/v2\/pages"}],"about":[{"href":"https:\/\/www.bsmitek.si\/index.php?rest_route=\/wp\/v2\/types\/page"}],"author":[{"embeddable":true,"href":"https:\/\/www.bsmitek.si\/index.php?rest_route=\/wp\/v2\/users\/2"}],"replies":[{"embeddable":true,"href":"https:\/\/www.bsmitek.si\/index.php?rest_route=%2Fwp%2Fv2%2Fcomments&post=2"}],"version-history":[{"count":15,"href":"https:\/\/www.bsmitek.si\/index.php?rest_route=\/wp\/v2\/pages\/2\/revisions"}],"predecessor-version":[{"id":189,"href":"https:\/\/www.bsmitek.si\/index.php?rest_route=\/wp\/v2\/pages\/2\/revisions\/189"}],"wp:attachment":[{"href":"https:\/\/www.bsmitek.si\/index.php?rest_route=%2Fwp%2Fv2%2Fmedia&parent=2"}],"curies":[{"name":"wp","href":"https:\/\/api.w.org\/{rel}","templated":true}]}}